{"id":48,"date":"2023-03-15T10:02:51","date_gmt":"2023-03-15T09:02:51","guid":{"rendered":"https:\/\/atelier.perroquet.eu\/?page_id=48"},"modified":"2025-10-01T10:08:41","modified_gmt":"2025-10-01T08:08:41","slug":"actualites","status":"publish","type":"page","link":"https:\/\/solutionsandperformances.com\/en\/actualites\/","title":{"rendered":"News"},"content":{"rendered":"<p>[et_pb_section fb_built=\u00a0\u00bb1&Prime; _builder_version=\u00a0\u00bb4.21.0&Prime; _module_preset=\u00a0\u00bbf87fc3b1-0249-40d0-9a55-679fcaf3ab33&Prime; custom_padding_phone=\u00a0\u00bb0px|8.5vw||8.5vw|false|true\u00a0\u00bb background_size_phone=\u00a0\u00bbcontain\u00a0\u00bb locked=\u00a0\u00bboff\u00a0\u00bb global_colors_info=\u00a0\u00bb{}\u00a0\u00bb][et_pb_row column_structure=\u00a0\u00bb3_5,2_5&Prime; admin_label=\u00a0\u00bbLigne Titre 1&Prime; _builder_version=\u00a0\u00bb4.21.0&Prime; _module_preset=\u00a0\u00bbdefault\u00a0\u00bb positioning=\u00a0\u00bbnone\u00a0\u00bb custom_margin=\u00a0\u00bb|1vw||1vw|false|true\u00a0\u00bb custom_padding=\u00a0\u00bb50px|120px|0px|120px|false|true\u00a0\u00bb custom_css_main_element=\u00a0\u00bbposition:static!important;\u00a0\u00bb global_colors_info=\u00a0\u00bb{}\u00a0\u00bb custom_padding__hover_enabled=\u00a0\u00bboff|desktop\u00a0\u00bb][et_pb_column type=\u00a0\u00bb3_5&Prime; module_class=\u00a0\u00bbpe-inline-buttons\u00a0\u00bb _builder_version=\u00a0\u00bb4.21.0&Prime; _module_preset=\u00a0\u00bb_initial\u00a0\u00bb custom_padding_tablet=\u00a0\u00bb\u00a0\u00bb custom_padding_phone=\u00a0\u00bb120px||||false|false\u00a0\u00bb custom_padding_last_edited=\u00a0\u00bbon|phone\u00a0\u00bb global_colors_info=\u00a0\u00bb{}\u00a0\u00bb][et_pb_text admin_label=\u00a0\u00bbTitre (1)\u00a0\u00bb _builder_version=\u00a0\u00bb4.21.0&Prime; _module_preset=\u00a0\u00bb786496c9-1b31-4fbe-8b00-84bb12f65b77&Prime; width=\u00a0\u00bb100%\u00a0\u00bb custom_margin_tablet=\u00a0\u00bb||||false|false\u00a0\u00bb custom_margin_phone=\u00a0\u00bb40px||||false|false\u00a0\u00bb custom_margin_last_edited=\u00a0\u00bbon|phone\u00a0\u00bb global_colors_info=\u00a0\u00bb{}\u00a0\u00bb]<\/p>\n<h1><span class=\"surtitre\">Les actualit\u00e9s de Solutions &amp; Performances<\/span><br \/><span class=\"titreh1\">Rejoignez notre<br \/><span style=\"color: #c7ff02;\">communaut\u00e9<\/span><\/span><\/h1>\n<p>[\/et_pb_text][et_pb_code _builder_version=\u00a0\u00bb4.21.0&Prime; _module_preset=\u00a0\u00bbdefault\u00a0\u00bb global_colors_info=\u00a0\u00bb{}\u00a0\u00bb]<\/p>\n<style><!-- [et_pb_line_break_holder] -->.surtitre{<!-- [et_pb_line_break_holder] -->    line-height: 1em;<!-- [et_pb_line_break_holder] -->    word-wrap: break-word;<!-- [et_pb_line_break_holder] -->    font-family: 'Satoshi Black',Helvetica,Arial,Lucida,sans-serif;<!-- [et_pb_line_break_holder] -->    font-size: 32px;<!-- [et_pb_line_break_holder] -->    color: #979797!important;<!-- [et_pb_line_break_holder] -->  }<!-- [et_pb_line_break_holder] -->  <!-- [et_pb_line_break_holder] -->  @media screen and (max-width: 640px) {<!-- [et_pb_line_break_holder] --><!-- [et_pb_line_break_holder] -->.surtitre{<!-- [et_pb_line_break_holder] -->    line-height: 1em;<!-- [et_pb_line_break_holder] -->    word-wrap: no-wrap;<!-- [et_pb_line_break_holder] -->    font-family: 'Satoshi Black',Helvetica,Arial,Lucida,sans-serif;<!-- [et_pb_line_break_holder] -->    font-size: 20px;<!-- [et_pb_line_break_holder] -->    color: #979797!important;<!-- [et_pb_line_break_holder] -->  }<!-- [et_pb_line_break_holder] -->}<!-- [et_pb_line_break_holder] --><!-- [et_pb_line_break_holder] --><\/style>\n<p>[\/et_pb_code][et_pb_text _builder_version=\u00a0\u00bb4.21.0&Prime; _module_preset=\u00a0\u00bbdefault\u00a0\u00bb global_colors_info=\u00a0\u00bb{}\u00a0\u00bb]<\/p>\n<p><span data-metadata=\"&lt;!--(figmeta)eyJmaWxlS2V5IjoieTMzQk9yejR5Y1h3SG43ZWl4VWh3ayIsInBhc3RlSUQiOjIwMTAxNzI4MDIsImRhdGFUeXBlIjoic2NlbmUifQo=(\/figmeta)--&gt;\"><\/span>Restez inform\u00e9s des derni\u00e8res actualit\u00e9s en lisant notre blog d\u2019entreprise. Recevez des mises \u00e0 jour r\u00e9guli\u00e8res sur les d\u00e9veloppements les plus r\u00e9cents dans votre secteur d\u2019activit\u00e9. Notre \u00e9quipe surveille constamment les \u00e9v\u00e9nements importants et les tendances cl\u00e9s pour vous tenir inform\u00e9s.<\/p>\n<p>[\/et_pb_text][\/et_pb_column][et_pb_column type=\u00a0\u00bb2_5&Prime; module_class=\u00a0\u00bbpe-inline-buttons\u00a0\u00bb _builder_version=\u00a0\u00bb4.20.4&Prime; _module_preset=\u00a0\u00bbdefault\u00a0\u00bb positioning=\u00a0\u00bbnone\u00a0\u00bb custom_css_main_element=\u00a0\u00bbposition:static!important;\u00a0\u00bb global_colors_info=\u00a0\u00bb{}\u00a0\u00bb][et_pb_image src=\u00a0\u00bbhttp:\/\/solutionsandperformances.com\/wp-content\/uploads\/2023\/07\/page-acrualite-equipe-modif.png\u00a0\u00bb title_text=\u00a0\u00bbpage-acrualit\u00e9-equipe-modif\u00a0\u00bb force_fullwidth=\u00a0\u00bbon\u00a0\u00bb disabled_on=\u00a0\u00bbon|on|off\u00a0\u00bb _builder_version=\u00a0\u00bb4.21.0&Prime; _module_preset=\u00a0\u00bbdefault\u00a0\u00bb transform_scale=\u00a0\u00bb150%|150%\u00a0\u00bb transform_scale_tablet=\u00a0\u00bb150%|150%\u00a0\u00bb transform_scale_phone=\u00a0\u00bb150%|150%\u00a0\u00bb transform_scale_last_edited=\u00a0\u00bbon|desktop\u00a0\u00bb transform_translate_tablet=\u00a0\u00bb\u00a0\u00bb transform_translate_phone=\u00a0\u00bb\u00a0\u00bb transform_translate_last_edited=\u00a0\u00bbon|desktop\u00a0\u00bb transform_rotate_tablet=\u00a0\u00bb\u00a0\u00bb transform_rotate_phone=\u00a0\u00bb\u00a0\u00bb transform_rotate_last_edited=\u00a0\u00bbon|desktop\u00a0\u00bb transform_skew_tablet=\u00a0\u00bb\u00a0\u00bb transform_skew_phone=\u00a0\u00bb\u00a0\u00bb transform_skew_last_edited=\u00a0\u00bbon|desktop\u00a0\u00bb transform_origin_tablet=\u00a0\u00bb\u00a0\u00bb transform_origin_phone=\u00a0\u00bb\u00a0\u00bb transform_origin_last_edited=\u00a0\u00bbon|desktop\u00a0\u00bb transform_styles_last_edited=\u00a0\u00bbon|desktop\u00a0\u00bb custom_margin=\u00a0\u00bb10vh||||false|false\u00a0\u00bb transform_styles_tablet=\u00a0\u00bb\u00a0\u00bb transform_styles_phone=\u00a0\u00bb\u00a0\u00bb global_colors_info=\u00a0\u00bb{}\u00a0\u00bb][\/et_pb_image][\/et_pb_column][\/et_pb_row][et_pb_row _builder_version=\u00a0\u00bb4.21.0&Prime; _module_preset=\u00a0\u00bbdefault\u00a0\u00bb custom_margin=\u00a0\u00bb40px|0px||0px|false|true\u00a0\u00bb custom_margin_tablet=\u00a0\u00bb|0px||0px|false|true\u00a0\u00bb custom_margin_phone=\u00a0\u00bb|0px||0px|false|true\u00a0\u00bb custom_padding=\u00a0\u00bb0px|120px|0px|120px|false|true\u00a0\u00bb locked=\u00a0\u00bboff\u00a0\u00bb global_colors_info=\u00a0\u00bb{}\u00a0\u00bb][et_pb_column type=\u00a0\u00bb4_4&Prime; _builder_version=\u00a0\u00bb4.21.0&Prime; _module_preset=\u00a0\u00bbdefault\u00a0\u00bb custom_css_main_element=\u00a0\u00bbdisplay:flex;\u00a0\u00bb global_colors_info=\u00a0\u00bb{}\u00a0\u00bb custom_css_main_element_last_edited=\u00a0\u00bbon|tablet\u00a0\u00bb custom_css_main_element_tablet=\u00a0\u00bbdisplay:flex;||flex-wrap:wrap;\u00a0\u00bb custom_css_main_element_phone=\u00a0\u00bbdisplay:flex;||flex-wrap:wrap;\u00a0\u00bb][et_pb_button button_url=\u00a0\u00bb#Alaune\u00a0\u00bb button_text=\u00a0\u00bb\u00c0 la une\u00a0\u00bb module_class=\u00a0\u00bbinline-btns\u00a0\u00bb _builder_version=\u00a0\u00bb4.27.4&Prime; _module_preset=\u00a0\u00bb42eda2a5-416e-4b0e-9ca1-28a1525de4d0&Prime; custom_margin=\u00a0\u00bb|10px|||false|false\u00a0\u00bb global_colors_info=\u00a0\u00bb{}\u00a0\u00bb][\/et_pb_button][et_pb_button button_url=\u00a0\u00bb#listeArticles\u00a0\u00bb button_text=\u00a0\u00bbListe des articles\u00a0\u00bb module_class=\u00a0\u00bbinline-btns\u00a0\u00bb _builder_version=\u00a0\u00bb4.21.0&Prime; _module_preset=\u00a0\u00bb6eb6adcf-14f8-4dda-ac24-23bcf19feb30&Prime; custom_button=\u00a0\u00bbon\u00a0\u00bb button_border_radius=\u00a0\u00bb50px\u00a0\u00bb custom_margin=\u00a0\u00bb|10px|||false|false\u00a0\u00bb global_colors_info=\u00a0\u00bb{}\u00a0\u00bb transform_styles__hover_enabled=\u00a0\u00bbon|hover\u00a0\u00bb transform_scale__hover_enabled=\u00a0\u00bbon|hover\u00a0\u00bb][\/et_pb_button][et_pb_icon font_icon=\u00a0\u00bb&#xf08c;||fa||400&Prime; icon_color=\u00a0\u00bb#000000&Prime; icon_width=\u00a0\u00bb30px\u00a0\u00bb url=\u00a0\u00bbhttps:\/\/www.linkedin.com\/company\/solutions-and-performances\/\u00a0\u00bb url_new_window=\u00a0\u00bbon\u00a0\u00bb align=\u00a0\u00bbleft\u00a0\u00bb icon_width_tablet=\u00a0\u00bb30px\u00a0\u00bb icon_width_phone=\u00a0\u00bb16px\u00a0\u00bb icon_width_last_edited=\u00a0\u00bbon|phone\u00a0\u00bb align_last_edited=\u00a0\u00bboff|desktop\u00a0\u00bb module_class=\u00a0\u00bbet_pb_icon\u00a0\u00bb _builder_version=\u00a0\u00bb4.21.0&Prime; _module_preset=\u00a0\u00bbdefault\u00a0\u00bb background_color=\u00a0\u00bb#C7FF02&Prime; transform_translate_linked__hover=\u00a0\u00bboff\u00a0\u00bb custom_margin_tablet=\u00a0\u00bb\u00a0\u00bb custom_margin_phone=\u00a0\u00bb\u00a0\u00bb custom_margin_last_edited=\u00a0\u00bbon|phone\u00a0\u00bb custom_padding=\u00a0\u00bb15px|20px|15px|20px|true|true\u00a0\u00bb custom_css_main_element=\u00a0\u00bbtransition-duration:0.2s;\u00a0\u00bb border_radii=\u00a0\u00bbon|50px|50px|50px|50px\u00a0\u00bb global_colors_info=\u00a0\u00bb{}\u00a0\u00bb transform_styles__hover_enabled=\u00a0\u00bbon|hover\u00a0\u00bb transform_scale__hover_enabled=\u00a0\u00bbon|hover\u00a0\u00bb transform_translate__hover=\u00a0\u00bb0px|-8px\u00a0\u00bb][\/et_pb_icon][\/et_pb_column][\/et_pb_row][et_pb_row _builder_version=\u00a0\u00bb4.21.0&Prime; _module_preset=\u00a0\u00bbdefault\u00a0\u00bb global_colors_info=\u00a0\u00bb{}\u00a0\u00bb][et_pb_column type=\u00a0\u00bb4_4&Prime; _builder_version=\u00a0\u00bb4.21.0&Prime; _module_preset=\u00a0\u00bbdefault\u00a0\u00bb global_colors_info=\u00a0\u00bb{}\u00a0\u00bb][et_pb_image src=\u00a0\u00bbhttp:\/\/solutionsandperformances.com\/wp-content\/uploads\/2023\/07\/page-acrualite-equipe-1.png\u00a0\u00bb title_text=\u00a0\u00bbpage-acrualit\u00e9-equipe\u00a0\u00bb align=\u00a0\u00bbcenter\u00a0\u00bb disabled_on=\u00a0\u00bboff|off|on\u00a0\u00bb _builder_version=\u00a0\u00bb4.21.0&Prime; _module_preset=\u00a0\u00bbdefault\u00a0\u00bb module_alignment=\u00a0\u00bbcenter\u00a0\u00bb global_colors_info=\u00a0\u00bb{}\u00a0\u00bb][\/et_pb_image][\/et_pb_column][\/et_pb_row][\/et_pb_section][et_pb_section fb_built=\u00a0\u00bb1&Prime; _builder_version=\u00a0\u00bb4.21.0&Prime; _module_preset=\u00a0\u00bbdefault\u00a0\u00bb global_colors_info=\u00a0\u00bb{}\u00a0\u00bb][et_pb_row admin_label=\u00a0\u00bbLigne Titre 2&Prime; _builder_version=\u00a0\u00bb4.21.0&Prime; _module_preset=\u00a0\u00bbdefault\u00a0\u00bb global_colors_info=\u00a0\u00bb{}\u00a0\u00bb][et_pb_column type=\u00a0\u00bb4_4&Prime; _builder_version=\u00a0\u00bb4.21.0&Prime; _module_preset=\u00a0\u00bbdefault\u00a0\u00bb global_colors_info=\u00a0\u00bb{}\u00a0\u00bb][et_pb_text admin_label=\u00a0\u00bbTitre A la une\u00a0\u00bb module_id=\u00a0\u00bbAlaune\u00a0\u00bb _builder_version=\u00a0\u00bb4.27.4&Prime; _module_preset=\u00a0\u00bb7e76a549-de65-4af2-8ef8-cb79fb9b46c4&Prime; locked=\u00a0\u00bboff\u00a0\u00bb global_colors_info=\u00a0\u00bb{}\u00a0\u00bb]<\/p>\n<h2>A la une<\/h2>\n<p>[\/et_pb_text][et_pb_blog fullwidth=\u00a0\u00bboff\u00a0\u00bb posts_number=\u00a0\u00bb100000000&Prime; include_categories=\u00a0\u00bb1&Prime; show_author=\u00a0\u00bboff\u00a0\u00bb show_date=\u00a0\u00bboff\u00a0\u00bb show_categories=\u00a0\u00bboff\u00a0\u00bb show_pagination=\u00a0\u00bboff\u00a0\u00bb _builder_version=\u00a0\u00bb4.27.4&Prime; _module_preset=\u00a0\u00bbdefault\u00a0\u00bb header_text_color=\u00a0\u00bb#1A1A1A\u00a0\u00bb body_text_color=\u00a0\u00bb#1A1A1A\u00a0\u00bb body_font_size=\u00a0\u00bb20px\u00a0\u00bb read_more_text_color=\u00a0\u00bb#1A1A1A\u00a0\u00bb link_option_url_new_window=\u00a0\u00bbon\u00a0\u00bb global_colors_info=\u00a0\u00bb{}\u00a0\u00bb][\/et_pb_blog][\/et_pb_column][\/et_pb_row][et_pb_row _builder_version=\u00a0\u00bb4.21.0&Prime; _module_preset=\u00a0\u00bbdefault\u00a0\u00bb locked=\u00a0\u00bboff\u00a0\u00bb global_colors_info=\u00a0\u00bb{}\u00a0\u00bb][et_pb_column type=\u00a0\u00bb4_4&Prime; _builder_version=\u00a0\u00bb4.21.0&Prime; _module_preset=\u00a0\u00bbdefault\u00a0\u00bb global_colors_info=\u00a0\u00bb{}\u00a0\u00bb][et_pb_text admin_label=\u00a0\u00bbTitre (2) Liste des articles\u00a0\u00bb module_id=\u00a0\u00bblisteArticles\u00a0\u00bb _builder_version=\u00a0\u00bb4.21.0&Prime; _module_preset=\u00a0\u00bb7e76a549-de65-4af2-8ef8-cb79fb9b46c4&Prime; locked=\u00a0\u00bboff\u00a0\u00bb global_colors_info=\u00a0\u00bb{}\u00a0\u00bb]<\/p>\n<h2>Liste des articles<\/h2>\n<p>[\/et_pb_text][et_pb_code _builder_version=\u00a0\u00bb4.27.4&Prime; _module_preset=\u00a0\u00bbdefault\u00a0\u00bb hover_enabled=\u00a0\u00bb0&Prime; global_colors_info=\u00a0\u00bb{}\u00a0\u00bb sticky_enabled=\u00a0\u00bb0&Prime; admin_label=\u00a0\u00bbCode\u00a0\u00bb]<\/p>\n<div class='sk-ww-linkedin-page-post' data-embed-id='161534'><\/div>\n<p><script src='https:\/\/widgets.sociablekit.com\/linkedin-page-posts\/widget.js' async defer><\/script>[\/et_pb_code][\/et_pb_column][\/et_pb_row][\/et_pb_section]<\/p>\n","protected":false},"excerpt":{"rendered":"<p>Les actualit\u00e9s de Solutions &amp; PerformancesRejoignez notrecommunaut\u00e9Restez inform\u00e9s des derni\u00e8res actualit\u00e9s en lisant notre blog d\u2019entreprise. Recevez des mises \u00e0 jour r\u00e9guli\u00e8res sur les d\u00e9veloppements les plus r\u00e9cents dans votre secteur d\u2019activit\u00e9. Notre \u00e9quipe surveille constamment les \u00e9v\u00e9nements importants et les tendances cl\u00e9s pour vous tenir inform\u00e9s.A la uneListe des articles<\/p>","protected":false},"author":1,"featured_media":0,"parent":0,"menu_order":0,"comment_status":"closed","ping_status":"closed","template":"","meta":{"_acf_changed":false,"_et_pb_use_builder":"on","_et_pb_old_content":"","_et_gb_content_width":"","_monsterinsights_skip_tracking":false,"_monsterinsights_sitenote_active":false,"_monsterinsights_sitenote_note":"","_monsterinsights_sitenote_category":0,"footnotes":""},"class_list":["post-48","page","type-page","status-publish","hentry"],"acf":[],"_links":{"self":[{"href":"https:\/\/solutionsandperformances.com\/en\/wp-json\/wp\/v2\/pages\/48","targetHints":{"allow":["GET"]}}],"collection":[{"href":"https:\/\/solutionsandperformances.com\/en\/wp-json\/wp\/v2\/pages"}],"about":[{"href":"https:\/\/solutionsandperformances.com\/en\/wp-json\/wp\/v2\/types\/page"}],"author":[{"embeddable":true,"href":"https:\/\/solutionsandperformances.com\/en\/wp-json\/wp\/v2\/users\/1"}],"replies":[{"embeddable":true,"href":"https:\/\/solutionsandperformances.com\/en\/wp-json\/wp\/v2\/comments?post=48"}],"version-history":[{"count":53,"href":"https:\/\/solutionsandperformances.com\/en\/wp-json\/wp\/v2\/pages\/48\/revisions"}],"predecessor-version":[{"id":25491,"href":"https:\/\/solutionsandperformances.com\/en\/wp-json\/wp\/v2\/pages\/48\/revisions\/25491"}],"wp:attachment":[{"href":"https:\/\/solutionsandperformances.com\/en\/wp-json\/wp\/v2\/media?parent=48"}],"curies":[{"name":"wp","href":"https:\/\/api.w.org\/{rel}","templated":true}]}}